{"id":2190,"date":"2023-08-17T12:01:56","date_gmt":"2023-08-17T10:01:56","guid":{"rendered":"https:\/\/dualmind.com\/itservices\/?page_id=2190"},"modified":"2023-10-17T08:51:12","modified_gmt":"2023-10-17T06:51:12","slug":"servicios-secretaria-asistente-virtual","status":"publish","type":"page","link":"https:\/\/dualmind.com\/itservices\/servicios-secretaria-asistente-virtual\/","title":{"rendered":"Servicio de secretaria virtual &#8211; Asistente virtual para negocios"},"content":{"rendered":"<p>[et_pb_section fb_built=\u00bb1&#8243; _builder_version=\u00bb4.22.0&#8243; _module_preset=\u00bbdefault\u00bb global_colors_info=\u00bb{}\u00bb][et_pb_row _builder_version=\u00bb4.22.0&#8243; _module_preset=\u00bbdefault\u00bb global_colors_info=\u00bb{}\u00bb][et_pb_column type=\u00bb4_4&#8243; _builder_version=\u00bb4.22.0&#8243; _module_preset=\u00bbdefault\u00bb global_colors_info=\u00bb{}\u00bb][et_pb_heading title=\u00bbServicios de secretaria virtual y apoyo remoto en tareas administrativas\u00bb _builder_version=\u00bb4.22.0&#8243; _module_preset=\u00bbdefault\u00bb animation_style=\u00bbfold\u00bb text_shadow_style=\u00bbpreset4&#8243; global_colors_info=\u00bb{}\u00bb][\/et_pb_heading][\/et_pb_column][\/et_pb_row][et_pb_row _builder_version=\u00bb4.22.0&#8243; _module_preset=\u00bbdefault\u00bb global_colors_info=\u00bb{}\u00bb][et_pb_column type=\u00bb4_4&#8243; _builder_version=\u00bb4.22.0&#8243; _module_preset=\u00bbdefault\u00bb global_colors_info=\u00bb{}\u00bb][et_pb_text _builder_version=\u00bb4.22.0&#8243; _module_preset=\u00bbdefault\u00bb global_colors_info=\u00bb{}\u00bb]<\/p>\n<h3>\u00bfEres un trabajador\/a aut\u00f3nomo\/a o tienes una peque\u00f1a empresa?<\/h3>\n<h3>\u00bfTe sientes abrumado por la cantidad de tareas que tienes que realizar?<\/h3>\n<h3>\u00bfTe gustar\u00eda tener m\u00e1s tiempo para concentrarte en tu negocio y en tus clientes?<\/h3>\n<p>&nbsp;<\/p>\n<p>Si es as\u00ed, un asistente virtual puede ser la soluci\u00f3n que necesitas. Un asistente virtual es un profesional que puede ayudarte con una amplia gama de tareas, como:<\/p>\n<p>&#8211; Administraci\u00f3n de correo electr\u00f3nico<\/p>\n<p>&#8211; Programaci\u00f3n de citas<\/p>\n<p>&#8211; Organizaci\u00f3n de eventos<\/p>\n<p>&#8211; Redacci\u00f3n de contenido<\/p>\n<p>&#8211; Dise\u00f1o gr\u00e1fico<\/p>\n<p>&#8211; Traducci\u00f3n<\/p>\n<p>&#8211; Control de facturaci\u00f3n y pagos<\/p>\n<p>&#8211; Env\u00edo de datos trimestrales a gestor\u00edas<\/p>\n<p>&nbsp;<\/p>\n<p>Un asistente virtual puede ayudarte a liberar tiempo para que puedas centrarte en las tareas m\u00e1s importantes de tu negocio. Tambi\u00e9n puede ayudarte a mejorar tu productividad y a aumentar tu eficiencia.<\/p>\n<p>Un asistente virtual puede ser un activo valioso para cualquier peque\u00f1a empresa. Si est\u00e1s buscando una manera de liberar tiempo, mejorar tu productividad y aumentar tu eficiencia, un asistente virtual puede ser la soluci\u00f3n que necesitas.<\/p>\n<p><em>\u00a0<\/em><\/p>\n<p><em>Cont\u00e1ctanos para conocer como podemos ayudarte con nuestro servicio de secretar\u00eda virtual.<\/em><\/p>\n<p>&nbsp;<\/p>\n<p><strong>Nuestros datos de contacto:<\/strong><\/p>\n<p><strong><\/strong><\/p>\n<p>Tel\u00e9fono: 93 298 89 97<br \/>WhatsApp Business: 644 748 255<\/p>\n<p>Email: info (arroba) dualmind.com<\/p>\n<p>[\/et_pb_text][\/et_pb_column][\/et_pb_row][\/et_pb_section]<\/p>\n","protected":false},"excerpt":{"rendered":"<p>\u00bfEres un trabajador\/a aut\u00f3nomo\/a o tienes una peque\u00f1a empresa? \u00bfTe sientes abrumado por la cantidad de tareas que tienes que realizar? \u00bfTe gustar\u00eda tener m\u00e1s tiempo para concentrarte en tu negocio y en tus clientes? &nbsp; Si es as\u00ed, un asistente virtual puede ser la soluci\u00f3n que necesitas. Un asistente virtual es un profesional que [&hellip;]<\/p>\n","protected":false},"author":1,"featured_media":0,"parent":0,"menu_order":0,"comment_status":"closed","ping_status":"closed","template":"","meta":{"_et_pb_use_builder":"on","_et_pb_old_content":"","_et_gb_content_width":"","footnotes":""},"class_list":["post-2190","page","type-page","status-publish","hentry"],"jetpack_sharing_enabled":true,"_links":{"self":[{"href":"https:\/\/dualmind.com\/itservices\/wp-json\/wp\/v2\/pages\/2190","targetHints":{"allow":["GET"]}}],"collection":[{"href":"https:\/\/dualmind.com\/itservices\/wp-json\/wp\/v2\/pages"}],"about":[{"href":"https:\/\/dualmind.com\/itservices\/wp-json\/wp\/v2\/types\/page"}],"author":[{"embeddable":true,"href":"https:\/\/dualmind.com\/itservices\/wp-json\/wp\/v2\/users\/1"}],"replies":[{"embeddable":true,"href":"https:\/\/dualmind.com\/itservices\/wp-json\/wp\/v2\/comments?post=2190"}],"version-history":[{"count":4,"href":"https:\/\/dualmind.com\/itservices\/wp-json\/wp\/v2\/pages\/2190\/revisions"}],"predecessor-version":[{"id":2238,"href":"https:\/\/dualmind.com\/itservices\/wp-json\/wp\/v2\/pages\/2190\/revisions\/2238"}],"wp:attachment":[{"href":"https:\/\/dualmind.com\/itservices\/wp-json\/wp\/v2\/media?parent=2190"}],"curies":[{"name":"wp","href":"https:\/\/api.w.org\/{rel}","templated":true}]}}