{"id":2046,"date":"2021-11-23T12:44:59","date_gmt":"2021-11-23T10:44:59","guid":{"rendered":"https:\/\/dualmind.com\/itservices\/?page_id=2046"},"modified":"2024-02-08T14:35:25","modified_gmt":"2024-02-08T12:35:25","slug":"protecciondedatos","status":"publish","type":"page","link":"https:\/\/dualmind.com\/itservices\/protecciondedatos\/","title":{"rendered":"Proteccion de datos"},"content":{"rendered":"<p>[et_pb_section fb_built=\u00bb1&#8243; _builder_version=\u00bb4.16&#8243; global_colors_info=\u00bb{}\u00bb][et_pb_row _builder_version=\u00bb4.16&#8243; background_size=\u00bbinitial\u00bb background_position=\u00bbtop_left\u00bb background_repeat=\u00bbrepeat\u00bb global_colors_info=\u00bb{}\u00bb][et_pb_column type=\u00bb4_4&#8243; _builder_version=\u00bb4.16&#8243; custom_padding=\u00bb|||\u00bb global_colors_info=\u00bb{}\u00bb custom_padding__hover=\u00bb|||\u00bb][et_pb_text _builder_version=\u00bb4.16&#8243; background_size=\u00bbinitial\u00bb background_position=\u00bbtop_left\u00bb background_repeat=\u00bbrepeat\u00bb global_colors_info=\u00bb{}\u00bb]<!-- divi:paragraph --><\/p>\n<p>&nbsp;<\/p>\n<p style=\"text-align: justify;\"><strong>Catal\u00e0:<\/strong><\/p>\n<p><!-- \/divi:paragraph --><!-- divi:paragraph --><\/p>\n<p style=\"text-align: justify;\"><strong>INFORMACI\u00d3 PROTECCI\u00d3 DE DADES<\/strong><\/p>\n<p style=\"text-align: justify;\">Responsable: DUALMIND S.L. &#8211; NIF: B-62392196.<\/p>\n<p style=\"text-align: justify;\">En compliment del RGPD 2016\/ 679 UE i la Llei Org\u00e0nica 3\/2018 de protecci\u00f3 de<br \/>dades i garantia dels drets digitals, l&#8217;informem que les seves dades identificatives i els<br \/>continguts en els correus electr\u00f2nics i fitxers adjunts, poden ser incorporats a les<br \/>nostres bases de dades amb la finalitat d&#8217;informar per qualsevol mitj\u00e0 electr\u00f2nic, de<br \/>mantenir relacions professionals i \/ o comercials i, que seran conservats mentre es<br \/>mantingui la relaci\u00f3. Si ho desitja, pot exercir els seus drets d&#8217;acc\u00e9s, rectificaci\u00f3,<br \/>supressi\u00f3, portabilitat, limitaci\u00f3 i oposici\u00f3 dirigint-se a les dades postals:<\/p>\n<p style=\"text-align: justify;\">C\/ Sant Antoni 8-10 local, 08180 Moi\u00e0 (Barcelona) \u00f3 al correu electr\u00f2nic:<br \/>protecciondatos @ dualmind.com<\/p>\n<p><!-- \/divi:paragraph --><!-- divi:paragraph --><\/p>\n<p style=\"text-align: justify;\">Aquest missatge i qualsevol document que porti adjunt, si \u00e9s el cas, pot ser<br \/>confidencial i destinat \u00fanicament a la persona o entitat a qui ha estat enviat.<\/p>\n<p style=\"text-align: justify;\"><!-- \/divi:paragraph --><!-- divi:paragraph --><\/p>\n<p style=\"text-align: justify;\"><strong>Castellano:<\/strong><\/p>\n<p><!-- \/divi:paragraph --><!-- divi:paragraph --><\/p>\n<p style=\"text-align: justify;\"><strong>INFORMACI\u00d3N PROTECCI\u00d3N DE DATOS.<\/strong><\/p>\n<p style=\"text-align: justify;\">Responsable: DUALMIND S.L. &#8211; NIF: B-62392196.<\/p>\n<p style=\"text-align: justify;\">En cumplimiento del RGPD 2016\/ 679 UE y la Ley Org\u00e1nica 3\/2018 de protecci\u00f3n de<br \/>datos y garant\u00eda de los derechos digitales, le informamos que sus datos identificativos<br \/>y los contenidos en los correos electr\u00f3nicos y ficheros adjuntos, pueden ser<br \/>incorporados a nuestras bases de datos con la finalidad de informarle por cualquier<br \/>medio electr\u00f3nico, de mantener relaciones profesionales y\/o comerciales y, que ser\u00e1n<br \/>conservados mientras se mantenga la relaci\u00f3n. Si lo desea, puede ejercer sus<br \/>derechos de acceso, rectificaci\u00f3n, supresi\u00f3n, portabilidad, limitaci\u00f3n y<br \/>oposici\u00f3n dirigi\u00e9ndose a los datos postales:<\/p>\n<p style=\"text-align: justify;\">C\/ Sant Antoni 8-10 local, 08180 Moi\u00e0 (Barcelona) o al correo electr\u00f3nico: protecciondatos @ dualmind.com<\/p>\n<p><!-- \/divi:paragraph --><!-- divi:paragraph --><\/p>\n<p style=\"text-align: justify;\">Este mensaje y cualquier documento que lleve adjunto, en su caso, puede ser<br \/>confidencial y destinado \u00fanicamente a la persona o entidad a quien ha sido enviado.<\/p>\n<p><!-- \/divi:paragraph -->[\/et_pb_text][\/et_pb_column][\/et_pb_row][\/et_pb_section]<\/p>\n","protected":false},"excerpt":{"rendered":"<p>&nbsp; Catal\u00e0: INFORMACI\u00d3 PROTECCI\u00d3 DE DADES Responsable: DUALMIND S.L. &#8211; NIF: B-62392196. En compliment del RGPD 2016\/ 679 UE i la Llei Org\u00e0nica 3\/2018 de protecci\u00f3 dedades i garantia dels drets digitals, l&#8217;informem que les seves dades identificatives i elscontinguts en els correus electr\u00f2nics i fitxers adjunts, poden ser incorporats a lesnostres bases de dades [&hellip;]<\/p>\n","protected":false},"author":1,"featured_media":0,"parent":0,"menu_order":0,"comment_status":"closed","ping_status":"closed","template":"","meta":{"_et_pb_use_builder":"on","_et_pb_old_content":"<!-- wp:paragraph -->\n<p><strong>Catal\u00e0:<\/strong><\/p>\n<!-- \/wp:paragraph -->\n\n<!-- wp:paragraph -->\n<p><strong>INFORMACI\u00d3 PROTECCI\u00d3 DE DADES<\/strong><br>Responsable: DUALMIND S.L. - NIF: B-62392196.<br>En compliment del RGPD 2016\/ 679 UE i la Llei Org\u00e0nica 3\/2018 de protecci\u00f3 de<br>dades i garantia dels drets digitals, l'informem que les seves dades identificatives i els<br>continguts en els correus electr\u00f2nics i fitxers adjunts, poden ser incorporats a les<br>nostres bases de dades amb la finalitat d'informar per qualsevol mitj\u00e0 electr\u00f2nic, de<br>mantenir relacions professionals i \/ o comercials i, que seran conservats mentre es<br>mantingui la relaci\u00f3. Si ho desitja, pot exercir els seus drets d'acc\u00e9s, rectificaci\u00f3,<br>supressi\u00f3, portabilitat, limitaci\u00f3 i oposici\u00f3 dirigint-se a les dades postals: C\/ Sant Antoni<br>8-10 local, 08180 Moi\u00e0 (Barcelona) \u00f3 al correu electr\u00f2nic:<br>protecciondatos@dualmind.com<\/p>\n<!-- \/wp:paragraph -->\n\n<!-- wp:paragraph -->\n<p>Aquest missatge i qualsevol document que porti adjunt, si \u00e9s el cas, pot ser<br>confidencial i destinat \u00fanicament a la persona o entitat a qui ha estat enviat.<\/p>\n<!-- \/wp:paragraph -->\n\n<!-- wp:paragraph -->\n<p><br><strong>Castellano:<\/strong><\/p>\n<!-- \/wp:paragraph -->\n\n<!-- wp:paragraph -->\n<p><strong>INFORMACI\u00d3N PROTECCI\u00d3N DE DATOS.<\/strong><br>Responsable: DUALMIND S.L. - NIF: B-62392196.<br>En cumplimiento del RGPD 2016\/ 679 UE y la Ley Org\u00e1nica 3\/2018 de protecci\u00f3n de<br>datos y garant\u00eda de los derechos digitales, le informamos que sus datos identificativos<br>y los contenidos en los correos electr\u00f3nicos y ficheros adjuntos, pueden ser<br>incorporados a nuestras bases de datos con la finalidad de informarle por cualquier<br>medio electr\u00f3nico, de mantener relaciones profesionales y\/o comerciales y, que ser\u00e1n<br>conservados mientras se mantenga la relaci\u00f3n. Si lo desea, puede ejercer sus<br>derechos de acceso, rectificaci\u00f3n, supresi\u00f3n, portabilidad, limitaci\u00f3n y<br>oposici\u00f3n dirigi\u00e9ndose a los datos postales: C\/ Sant Antoni 8-10 local, 08180 Moi\u00e0<br>(Barcelona) o al correo electr\u00f3nico: protecciondatos@dualmind.com<\/p>\n<!-- \/wp:paragraph -->\n\n<!-- wp:paragraph -->\n<p>Este mensaje y cualquier documento que lleve adjunto, en su caso, puede ser<br>confidencial y destinado \u00fanicamente a la persona o entidad a quien ha sido enviado.<\/p>\n<!-- \/wp:paragraph -->","_et_gb_content_width":"","footnotes":""},"class_list":["post-2046","page","type-page","status-publish","hentry"],"jetpack_sharing_enabled":true,"_links":{"self":[{"href":"https:\/\/dualmind.com\/itservices\/wp-json\/wp\/v2\/pages\/2046","targetHints":{"allow":["GET"]}}],"collection":[{"href":"https:\/\/dualmind.com\/itservices\/wp-json\/wp\/v2\/pages"}],"about":[{"href":"https:\/\/dualmind.com\/itservices\/wp-json\/wp\/v2\/types\/page"}],"author":[{"embeddable":true,"href":"https:\/\/dualmind.com\/itservices\/wp-json\/wp\/v2\/users\/1"}],"replies":[{"embeddable":true,"href":"https:\/\/dualmind.com\/itservices\/wp-json\/wp\/v2\/comments?post=2046"}],"version-history":[{"count":5,"href":"https:\/\/dualmind.com\/itservices\/wp-json\/wp\/v2\/pages\/2046\/revisions"}],"predecessor-version":[{"id":2290,"href":"https:\/\/dualmind.com\/itservices\/wp-json\/wp\/v2\/pages\/2046\/revisions\/2290"}],"wp:attachment":[{"href":"https:\/\/dualmind.com\/itservices\/wp-json\/wp\/v2\/media?parent=2046"}],"curies":[{"name":"wp","href":"https:\/\/api.w.org\/{rel}","templated":true}]}}